{"id":892,"date":"2022-05-23T12:14:36","date_gmt":"2022-05-23T12:14:36","guid":{"rendered":"https:\/\/balpo.lt\/?page_id=892"},"modified":"2023-10-22T22:21:38","modified_gmt":"2023-10-22T22:21:38","slug":"vandenvala","status":"publish","type":"page","link":"https:\/\/lzt.lt\/en\/vandenvala\/","title":{"rendered":"Vandenvala"},"content":{"rendered":"<img decoding=\"async\" src=\"http:\/\/lzt.lt\/wp-content\/uploads\/2022\/05\/vandenvala.png\" alt=\"vandenvala\" itemprop=\"image\" title=\"vandenvala\" onerror=\"this.style.display='none'\"  \/>\n<h3>\n\t\tVandenvala, UAB \u2013 We sell and install wastewater treatment plants for individual houses, apartment houses, hotels, restaurants, manufacturing companies, rural tourism homesteads, petrol stations and buildings of other purpose.\n\t<\/h3>\n<h3>\n\t\t<p>vertimas<\/p>\n\t<\/h3>\n\n<h3>\n\t\tWastewater treatment plants\n\t<\/h3>\n<h3>\n\t\tBiological wastewater treatment plants are the best way to treat wastewater in individual houses, homesteads, garden communities, companies, etc. Each wastewater treatment plant differs in treatment parameters, treatment technology, size, shape, installation principle and operating cost.\n\t<\/h3>\n\t\t\t<a href=\"https:\/\/bnvi.lt\/valymo-irenginiai\/\" target=\"_blank\" rel=\"noopener\">\n\t\t\t\t\t\t\tLearn more\n\t\t\t\t\t<\/a>\n<h3>\n\t\tInstallation\n\t<\/h3>\n<h3>\n\t\tVandenvala can take care of the installation of a wastewater treatment plant! Often the wastewater treatment plant can be installed themself, but for best results, it is worth relying on experts in the field.\n\t<\/h3>\n\t\t\t<a href=\"https:\/\/bnvi.lt\/montavimas\/\" target=\"_blank\" rel=\"noopener\">\n\t\t\t\t\t\t\tLearn more\n\t\t\t\t\t<\/a>\n<h3>\n\t\tService\n\t<\/h3>\n<h3>\n\t\tBiological wastewater treatment plants essentially operate automatically, but when operating them corresponding technical maintenance should be ensured and performed. Vandenvala can take care of that!\n\t<\/h3>\n\t<ul>\n\t\t<li>\t\t\t\t\n\t\tMaintenance of equipment<\/li><li>\t\t\t\t\n\t\tService works<\/li><li>\t\t\t\t\n\t\tPaleidimo &#8211; derinimo darbai<\/li>\t<\/ul>\n\t\t\t<a href=\"https:\/\/bnvi.lt\/servisas\/\" target=\"_blank\" rel=\"noopener\">\n\t\t\t\t\t\t\tLearn more\n\t\t\t\t\t<\/a>\n<h3>\n\t\tOther services and products\n\t<\/h3>\n<h3>\n\t\tVandenvala sells other products: underground cellars, oil traps, solar water heaters, tanks, aeration kits, pumping stations\n\t<\/h3>\n\t\t\t<a href=\"https:\/\/bnvi.lt\/kiti-produktai\/\" target=\"_blank\" rel=\"noopener\">\n\t\t\t\t\t\t\tLearn more\n\t\t\t\t\t<\/a>\n<h2>\n\t\tCONTACT US\n\t<\/h2>\n\t<ul>\n\t\t<li>ADMINISTRATION<p>info@vandenvala.lt<br \/>+370 648 22622<\/p><\/li><li>SERVISASservisas@lzt.lt<br \/>+370 617 90999<\/li><li>BUHALTERIJAbuhalterija@lzt.lt<br \/>+370 672 84144<\/li>\t<\/ul>\n\t\n<div class=\"wpcf7 no-js\" id=\"wpcf7-f837-o1\" lang=\"en-US\" dir=\"ltr\" data-wpcf7-id=\"837\">\n<div class=\"screen-reader-response\"><p role=\"status\" aria-live=\"polite\" aria-atomic=\"true\"><\/p> <ul><\/ul><\/div>\n<form action=\"\/en\/wp-json\/wp\/v2\/pages\/892#wpcf7-f837-o1\" method=\"post\" class=\"wpcf7-form init\" aria-label=\"Contact form\" novalidate=\"novalidate\" data-status=\"init\" data-trp-original-action=\"\/en\/wp-json\/wp\/v2\/pages\/892#wpcf7-f837-o1\">\n<fieldset class=\"hidden-fields-container\"><input type=\"hidden\" name=\"_wpcf7\" value=\"837\" \/><input type=\"hidden\" name=\"_wpcf7_version\" value=\"6.1.1\" \/><input type=\"hidden\" name=\"_wpcf7_locale\" value=\"en_US\" \/><input type=\"hidden\" name=\"_wpcf7_unit_tag\" value=\"wpcf7-f837-o1\" \/><input type=\"hidden\" name=\"_wpcf7_container_post\" value=\"0\" \/><input type=\"hidden\" name=\"_wpcf7_posted_data_hash\" value=\"\" \/>\n<\/fieldset>\n<div class=\"web-form-wrap\">\n\t<div class=\"web-form-row\">\n\t\t<div class=\"web-form-col\">\n\t\t\t<p><span class=\"wpcf7-form-control-wrap\" data-name=\"vardas\"><input size=\"40\" maxlength=\"400\" class=\"wpcf7-form-control wpcf7-text wpcf7-validates-as-required\" aria-required=\"true\" aria-invalid=\"false\" placeholder=\"Name\" value=\"\" type=\"text\" name=\"vardas\" \/><\/span>\n\t\t\t<\/p>\n\t\t<\/div>\n\t\t<div class=\"web-form-col\">\n\t\t\t<p><span class=\"wpcf7-form-control-wrap\" data-name=\"email\"><input size=\"40\" maxlength=\"400\" class=\"wpcf7-form-control wpcf7-email wpcf7-text wpcf7-validates-as-email\" aria-invalid=\"false\" placeholder=\"E-mail\" value=\"\" type=\"email\" name=\"email\" \/><\/span>\n\t\t\t<\/p>\n\t\t<\/div>\n\t<\/div>\n\t<div class=\"web-form-row\">\n\t\t<div class=\"web-form-col\">\n\t\t\t<p><span class=\"wpcf7-form-control-wrap\" data-name=\"telefonas\"><input size=\"40\" maxlength=\"400\" class=\"wpcf7-form-control wpcf7-tel wpcf7-validates-as-required wpcf7-text wpcf7-validates-as-tel\" aria-required=\"true\" aria-invalid=\"false\" placeholder=\"Phone number\" value=\"\" type=\"tel\" name=\"telefonas\" \/><\/span>\n\t\t\t<\/p>\n\t\t<\/div>\n\t\t<div class=\"web-form-col\">\n\t\t\t<p><span class=\"wpcf7-form-control-wrap\" data-name=\"tema\"><input size=\"40\" maxlength=\"400\" class=\"wpcf7-form-control wpcf7-text wpcf7-validates-as-required\" aria-required=\"true\" aria-invalid=\"false\" placeholder=\"Subject\" value=\"\" type=\"text\" name=\"tema\" \/><\/span>\n\t\t\t<\/p>\n\t\t<\/div>\n\t<\/div>\n\t<div class=\"web-form-row\">\n\t\t<p><span class=\"wpcf7-form-control-wrap\" data-name=\"zinute\"><textarea cols=\"40\" rows=\"3\" maxlength=\"2000\" class=\"wpcf7-form-control wpcf7-textarea wpcf7-validates-as-required\" aria-required=\"true\" aria-invalid=\"false\" placeholder=\"Message\" name=\"zinute\"><\/textarea><\/span>\n\t\t<\/p>\n\t<\/div>\n\t<div class=\"web-form-row\">\n\t\t<p><span class=\"wpcf7-form-control-wrap\" data-name=\"rinkodara\"><span class=\"wpcf7-form-control wpcf7-acceptance optional\"><span class=\"wpcf7-list-item\"><label><input type=\"checkbox\" name=\"rinkodara\" value=\"1\" aria-invalid=\"false\" \/><span class=\"wpcf7-list-item-label\">I agree that my data will be used for direct marketing purposes.<\/span><\/label><\/span><\/span><\/span><br \/>\n<span class=\"wpcf7-form-control-wrap\" data-name=\"duomenys\"><span class=\"wpcf7-form-control wpcf7-acceptance\"><span class=\"wpcf7-list-item\"><label><input type=\"checkbox\" name=\"duomenys\" value=\"1\" aria-invalid=\"false\" \/><span class=\"wpcf7-list-item-label\">I agree that my data will be stored in the LZT Group customer database.<\/span><\/label><\/span><\/span><\/span><br \/>\n<span class=\"wpcf7-form-control-wrap\" data-name=\"politika\"><span class=\"wpcf7-form-control wpcf7-acceptance\"><span class=\"wpcf7-list-item\"><label><input type=\"checkbox\" name=\"politika\" value=\"1\" aria-invalid=\"false\" \/><span class=\"wpcf7-list-item-label\">I have read and understood the LZT Group <a href=\"\/en\/privatumo-politika\/\" target=\"_blank\">privacy policy<\/a><\/span><\/label><\/span><\/span><\/span>\n\t\t<\/p>\n\t<\/div>\n\t<p><input class=\"wpcf7-form-control wpcf7-submit has-spinner\" type=\"submit\" value=\"Send\" \/>\n\t<\/p>\n<\/div><p style=\"display: none !important;\" class=\"akismet-fields-container\" data-prefix=\"_wpcf7_ak_\"><label>&#916;<textarea name=\"_wpcf7_ak_hp_textarea\" cols=\"45\" rows=\"8\" maxlength=\"100\"><\/textarea><\/label><input type=\"hidden\" id=\"ak_js_1\" name=\"_wpcf7_ak_js\" value=\"200\"\/><script>document.getElementById( \"ak_js_1\" ).setAttribute( \"value\", ( new Date() ).getTime() );<\/script><\/p><div class=\"wpcf7-response-output\" aria-hidden=\"true\"><\/div>\n<input type=\"hidden\" name=\"trp-form-language\" value=\"en\"\/><\/form>\n<\/div>","protected":false},"excerpt":{"rendered":"<p>Su\u017einokite daugiau Su\u017einokite daugiau \u012erengini\u0173 prie\u017ei\u016bra Aptarnavimo darbai Paleidimo &#8211; derinimo darbai Su\u017einokite daugiau Su\u017einokite daugiau Susisiekite Administracija info@vandenvala.lt+370 648 22622 SERVISASservisas@lzt.lt+370 617 90999 BUHALTERIJAbuhalterija@lzt.lt+370 672 84144<\/p>","protected":false},"author":1,"featured_media":0,"parent":0,"menu_order":0,"comment_status":"closed","ping_status":"closed","template":"","meta":{"site-sidebar-layout":"no-sidebar","site-content-layout":"page-builder","ast-site-content-layout":"default","site-content-style":"default","site-sidebar-style":"default","ast-global-header-display":"","ast-banner-title-visibility":"","ast-main-header-display":"","ast-hfb-above-header-display":"","ast-hfb-below-header-display":"","ast-hfb-mobile-header-display":"","site-post-title":"disabled","ast-breadcrumbs-content":"","ast-featured-img":"disabled","footer-sml-layout":"","theme-transparent-header-meta":"default","adv-header-id-meta":"","stick-header-meta":"","header-above-stick-meta":"","header-main-stick-meta":"","header-below-stick-meta":"","astra-migrate-meta-layouts":"default","ast-page-background-enabled":"default","ast-page-background-meta":{"desktop":{"background-color":"","background-image":"","background-repeat":"repeat","background-position":"center center","background-size":"auto","background-attachment":"scroll","background-type":"","background-media":"","overlay-type":"","overlay-color":"","overlay-opacity":"","overlay-gradient":""},"tablet":{"background-color":"","background-image":"","background-repeat":"repeat","background-position":"center center","background-size":"auto","background-attachment":"scroll","background-type":"","background-media":"","overlay-type":"","overlay-color":"","overlay-opacity":"","overlay-gradient":""},"mobile":{"background-color":"","background-image":"","background-repeat":"repeat","background-position":"center center","background-size":"auto","background-attachment":"scroll","background-type":"","background-media":"","overlay-type":"","overlay-color":"","overlay-opacity":"","overlay-gradient":""}},"ast-content-background-meta":{"desktop":{"background-color":"var(--ast-global-color-5)","background-image":"","background-repeat":"repeat","background-position":"center center","background-size":"auto","background-attachment":"scroll","background-type":"","background-media":"","overlay-type":"","overlay-color":"","overlay-opacity":"","overlay-gradient":""},"tablet":{"background-color":"var(--ast-global-color-5)","background-image":"","background-repeat":"repeat","background-position":"center center","background-size":"auto","background-attachment":"scroll","background-type":"","background-media":"","overlay-type":"","overlay-color":"","overlay-opacity":"","overlay-gradient":""},"mobile":{"background-color":"var(--ast-global-color-5)","background-image":"","background-repeat":"repeat","background-position":"center center","background-size":"auto","background-attachment":"scroll","background-type":"","background-media":"","overlay-type":"","overlay-color":"","overlay-opacity":"","overlay-gradient":""}},"ngg_post_thumbnail":0,"footnotes":""},"class_list":["post-892","page","type-page","status-publish","hentry"],"yoast_head":"<!-- This site is optimized with the Yoast SEO plugin v25.6 - https:\/\/yoast.com\/wordpress\/plugins\/seo\/ -->\n<title>Vandenvala - LZT Group<\/title>\n<meta name=\"robots\" content=\"index, follow, max-snippet:-1, max-image-preview:large, max-video-preview:-1\" \/>\n<link rel=\"canonical\" href=\"https:\/\/lzt.lt\/en\/vandenvala\/\" \/>\n<meta property=\"og:locale\" content=\"en_US\" \/>\n<meta property=\"og:type\" content=\"article\" \/>\n<meta property=\"og:title\" content=\"Vandenvala - LZT Group\" \/>\n<meta property=\"og:description\" content=\"Su\u017einokite daugiau Su\u017einokite daugiau \u012erengini\u0173 prie\u017ei\u016bra Aptarnavimo darbai Paleidimo &#8211; derinimo darbai Su\u017einokite daugiau Su\u017einokite daugiau Susisiekite Administracija info@vandenvala.lt+370 648 22622 SERVISASservisas@lzt.lt+370 617 90999 BUHALTERIJAbuhalterija@lzt.lt+370 672 84144\" \/>\n<meta property=\"og:url\" content=\"https:\/\/lzt.lt\/en\/vandenvala\/\" \/>\n<meta property=\"og:site_name\" content=\"LZT Group\" \/>\n<meta property=\"article:publisher\" content=\"https:\/\/www.facebook.com\/lztgroup\" \/>\n<meta property=\"article:modified_time\" content=\"2023-10-22T22:21:38+00:00\" \/>\n<meta property=\"og:image\" content=\"http:\/\/lzt.lt\/wp-content\/uploads\/2022\/05\/vandenvala.png\" \/>\n<meta name=\"twitter:card\" content=\"summary_large_image\" \/>\n<script type=\"application\/ld+json\" class=\"yoast-schema-graph\">{\"@context\":\"https:\/\/schema.org\",\"@graph\":[{\"@type\":\"WebPage\",\"@id\":\"https:\/\/lzt.lt\/vandenvala\/\",\"url\":\"https:\/\/lzt.lt\/vandenvala\/\",\"name\":\"Vandenvala - LZT Group\",\"isPartOf\":{\"@id\":\"https:\/\/lzt.lt\/#website\"},\"primaryImageOfPage\":{\"@id\":\"https:\/\/lzt.lt\/vandenvala\/#primaryimage\"},\"image\":{\"@id\":\"https:\/\/lzt.lt\/vandenvala\/#primaryimage\"},\"thumbnailUrl\":\"http:\/\/lzt.lt\/wp-content\/uploads\/2022\/05\/vandenvala.png\",\"datePublished\":\"2022-05-23T12:14:36+00:00\",\"dateModified\":\"2023-10-22T22:21:38+00:00\",\"breadcrumb\":{\"@id\":\"https:\/\/lzt.lt\/vandenvala\/#breadcrumb\"},\"inLanguage\":\"en-US\",\"potentialAction\":[{\"@type\":\"ReadAction\",\"target\":[\"https:\/\/lzt.lt\/vandenvala\/\"]}]},{\"@type\":\"ImageObject\",\"inLanguage\":\"en-US\",\"@id\":\"https:\/\/lzt.lt\/vandenvala\/#primaryimage\",\"url\":\"http:\/\/lzt.lt\/wp-content\/uploads\/2022\/05\/vandenvala.png\",\"contentUrl\":\"http:\/\/lzt.lt\/wp-content\/uploads\/2022\/05\/vandenvala.png\"},{\"@type\":\"BreadcrumbList\",\"@id\":\"https:\/\/lzt.lt\/vandenvala\/#breadcrumb\",\"itemListElement\":[{\"@type\":\"ListItem\",\"position\":1,\"name\":\"Home\",\"item\":\"https:\/\/lzt.lt\/\"},{\"@type\":\"ListItem\",\"position\":2,\"name\":\"Vandenvala\"}]},{\"@type\":\"WebSite\",\"@id\":\"https:\/\/lzt.lt\/#website\",\"url\":\"https:\/\/lzt.lt\/\",\"name\":\"LZT Group\",\"description\":\"\",\"publisher\":{\"@id\":\"https:\/\/lzt.lt\/#organization\"},\"potentialAction\":[{\"@type\":\"SearchAction\",\"target\":{\"@type\":\"EntryPoint\",\"urlTemplate\":\"https:\/\/lzt.lt\/?s={search_term_string}\"},\"query-input\":{\"@type\":\"PropertyValueSpecification\",\"valueRequired\":true,\"valueName\":\"search_term_string\"}}],\"inLanguage\":\"en-US\"},{\"@type\":\"Organization\",\"@id\":\"https:\/\/lzt.lt\/#organization\",\"name\":\"LZT Group\",\"url\":\"https:\/\/lzt.lt\/\",\"logo\":{\"@type\":\"ImageObject\",\"inLanguage\":\"en-US\",\"@id\":\"https:\/\/lzt.lt\/#\/schema\/logo\/image\/\",\"url\":\"http:\/\/lzt.lt\/wp-content\/uploads\/2022\/05\/cropped-LZT-PNG.png\",\"contentUrl\":\"http:\/\/lzt.lt\/wp-content\/uploads\/2022\/05\/cropped-LZT-PNG.png\",\"width\":512,\"height\":512,\"caption\":\"LZT Group\"},\"image\":{\"@id\":\"https:\/\/lzt.lt\/#\/schema\/logo\/image\/\"},\"sameAs\":[\"https:\/\/www.facebook.com\/lztgroup\",\"https:\/\/www.youtube.com\/channel\/UCjxtACOf0jwrUdHG2NXsfoA\",\"https:\/\/www.linkedin.com\/company\/lzt\",\"https:\/\/www.instagram.com\/LZTGroup\/\"]}]}<\/script>\n<!-- \/ Yoast SEO plugin. -->","yoast_head_json":{"title":"Vandenvala - LZT Group","robots":{"index":"index","follow":"follow","max-snippet":"max-snippet:-1","max-image-preview":"max-image-preview:large","max-video-preview":"max-video-preview:-1"},"canonical":"https:\/\/lzt.lt\/en\/vandenvala\/","og_locale":"en_US","og_type":"article","og_title":"Vandenvala - LZT Group","og_description":"Su\u017einokite daugiau Su\u017einokite daugiau \u012erengini\u0173 prie\u017ei\u016bra Aptarnavimo darbai Paleidimo &#8211; derinimo darbai Su\u017einokite daugiau Su\u017einokite daugiau Susisiekite Administracija info@vandenvala.lt+370 648 22622 SERVISASservisas@lzt.lt+370 617 90999 BUHALTERIJAbuhalterija@lzt.lt+370 672 84144","og_url":"https:\/\/lzt.lt\/en\/vandenvala\/","og_site_name":"LZT Group","article_publisher":"https:\/\/www.facebook.com\/lztgroup","article_modified_time":"2023-10-22T22:21:38+00:00","og_image":[{"url":"http:\/\/lzt.lt\/wp-content\/uploads\/2022\/05\/vandenvala.png","type":"","width":"","height":""}],"twitter_card":"summary_large_image","schema":{"@context":"https:\/\/schema.org","@graph":[{"@type":"WebPage","@id":"https:\/\/lzt.lt\/vandenvala\/","url":"https:\/\/lzt.lt\/vandenvala\/","name":"Vandenvala - LZT Group","isPartOf":{"@id":"https:\/\/lzt.lt\/#website"},"primaryImageOfPage":{"@id":"https:\/\/lzt.lt\/vandenvala\/#primaryimage"},"image":{"@id":"https:\/\/lzt.lt\/vandenvala\/#primaryimage"},"thumbnailUrl":"http:\/\/lzt.lt\/wp-content\/uploads\/2022\/05\/vandenvala.png","datePublished":"2022-05-23T12:14:36+00:00","dateModified":"2023-10-22T22:21:38+00:00","breadcrumb":{"@id":"https:\/\/lzt.lt\/vandenvala\/#breadcrumb"},"inLanguage":"en-US","potentialAction":[{"@type":"ReadAction","target":["https:\/\/lzt.lt\/vandenvala\/"]}]},{"@type":"ImageObject","inLanguage":"en-US","@id":"https:\/\/lzt.lt\/vandenvala\/#primaryimage","url":"http:\/\/lzt.lt\/wp-content\/uploads\/2022\/05\/vandenvala.png","contentUrl":"http:\/\/lzt.lt\/wp-content\/uploads\/2022\/05\/vandenvala.png"},{"@type":"BreadcrumbList","@id":"https:\/\/lzt.lt\/vandenvala\/#breadcrumb","itemListElement":[{"@type":"ListItem","position":1,"name":"Home","item":"https:\/\/lzt.lt\/"},{"@type":"ListItem","position":2,"name":"Vandenvala"}]},{"@type":"WebSite","@id":"https:\/\/lzt.lt\/#website","url":"https:\/\/lzt.lt\/","name":"LZT Group","description":"","publisher":{"@id":"https:\/\/lzt.lt\/#organization"},"potentialAction":[{"@type":"SearchAction","target":{"@type":"EntryPoint","urlTemplate":"https:\/\/lzt.lt\/?s={search_term_string}"},"query-input":{"@type":"PropertyValueSpecification","valueRequired":true,"valueName":"search_term_string"}}],"inLanguage":"en-US"},{"@type":"Organization","@id":"https:\/\/lzt.lt\/#organization","name":"LZT Group","url":"https:\/\/lzt.lt\/","logo":{"@type":"ImageObject","inLanguage":"en-US","@id":"https:\/\/lzt.lt\/#\/schema\/logo\/image\/","url":"http:\/\/lzt.lt\/wp-content\/uploads\/2022\/05\/cropped-LZT-PNG.png","contentUrl":"http:\/\/lzt.lt\/wp-content\/uploads\/2022\/05\/cropped-LZT-PNG.png","width":512,"height":512,"caption":"LZT Group"},"image":{"@id":"https:\/\/lzt.lt\/#\/schema\/logo\/image\/"},"sameAs":["https:\/\/www.facebook.com\/lztgroup","https:\/\/www.youtube.com\/channel\/UCjxtACOf0jwrUdHG2NXsfoA","https:\/\/www.linkedin.com\/company\/lzt","https:\/\/www.instagram.com\/LZTGroup\/"]}]}},"_links":{"self":[{"href":"https:\/\/lzt.lt\/en\/wp-json\/wp\/v2\/pages\/892","targetHints":{"allow":["GET"]}}],"collection":[{"href":"https:\/\/lzt.lt\/en\/wp-json\/wp\/v2\/pages"}],"about":[{"href":"https:\/\/lzt.lt\/en\/wp-json\/wp\/v2\/types\/page"}],"author":[{"embeddable":true,"href":"https:\/\/lzt.lt\/en\/wp-json\/wp\/v2\/users\/1"}],"replies":[{"embeddable":true,"href":"https:\/\/lzt.lt\/en\/wp-json\/wp\/v2\/comments?post=892"}],"version-history":[{"count":0,"href":"https:\/\/lzt.lt\/en\/wp-json\/wp\/v2\/pages\/892\/revisions"}],"wp:attachment":[{"href":"https:\/\/lzt.lt\/en\/wp-json\/wp\/v2\/media?parent=892"}],"curies":[{"name":"wp","href":"https:\/\/api.w.org\/{rel}","templated":true}]}}