{"id":856,"date":"2022-05-23T09:55:54","date_gmt":"2022-05-23T09:55:54","guid":{"rendered":"https:\/\/balpo.lt\/?page_id=856"},"modified":"2022-05-25T09:01:30","modified_gmt":"2022-05-25T09:01:30","slug":"privatumo-politika","status":"publish","type":"page","link":"https:\/\/lzt.lt\/en\/privatumo-politika\/","title":{"rendered":"Privacy policy"},"content":{"rendered":"<h1>\n\t\tPrivacy policy\n\t<\/h1>\n\tPrivatumo politikos tikslas &#8211; informuoti kaip yra renkami ir tvarkomi duomen\u0173 subjekt\u0173 asmens duomenys, paai\u0161kinti, kiek laiko saugomi, kam teikiami, kokias teises turi duomen\u0173 subjektai bei kur kreiptis d\u0117l j\u0173 \u012fgyvendinimo ar kitais su asmens duomen\u0173 tvarkymu susijusiais klausimais.\n<p>Asmens duomenys tvarkomi vadovaujantis Europos S\u0105jungos Bendruoju duomen\u0173 apsaugos reglamentu (ES) 2016\/679 (toliau &#8211; Reglamentas), Lietuvos Respublikos asmens duomen\u0173 teisin\u0117s apsaugos \u012fstatymu bei kitais teis\u0117s aktais, reglamentuojan\u010diais asmens duomen\u0173 apsaug\u0105.<\/p>\n<p>UAB \u201eLZT&#8221; vadovaujasi \u0161iais pagrindiniais duomen\u0173 tvarkymo principais:<\/p>\n<ul>\n<li>personal data are collected only for clearly defined and legitimate purposes;<\/li>\n<li>personal data are processed only lawfully and fairly;<\/li>\n<li>personal data is constantly updated;<\/li>\n<li>personal data shall be stored securely and for no longer than required by the established purposes of data processing or legal acts;<\/li>\n<li>personal data are processed only by those employees of the Company who have been granted such a right in accordance with their work functions or duly authorized data processors.<\/li>\n<\/ul>\n<p><b>1. DEFINITIONS<\/b><\/p>\n1.1. Duomen\u0173 valdytojas &#8211; UAB \u201eLZT&#8221; (toliau &#8211; \u012emon\u0117), juridinio asmens kodas 301824682, buvein\u0117s adresas Ba\u010di\u016bn\u0173 g. 55, \u0160iauliai.<br \/>\n1.2. Duomen\u0173 subjektas &#8211; bet kuris fizinis asmuo, kurio duomenis tvarko \u012emon\u0117. Duomen\u0173 valdytojas renka tik tuos duomen\u0173 subjekto duomenis, kurie yra reikalingi vykdant \u012emon\u0117s veikl\u0105 ir (ar) lankantis, naudojant, nar\u0161ant \u012emon\u0117s interneto svetain\u0117se ir pan. (toliau &#8211; Svetain\u0117). \u012emon\u0117 u\u017etikrina, kad renkami ir apdorojami asmens duomenys bus saug\u016bs ir bus naudojami tik konkre\u010diam tikslui.<br \/>\n1.3. Asmens duomenys &#8211; bet kuri informacija, tiesiogiai arba netiesiogiai susijusi su duomen\u0173 subjektu, kurio tapatyb\u0117 yra \u017einoma arba gali b\u016bti tiesiogiai ar netiesiogiai nustatyta pasinaudojant atitinkamais duomenimis. Asmens duomen\u0173 tvarkymas, tai bet kokia su asmens duomenimis atliekama operacija (\u012fskaitant rinkim\u0105, \u012fra\u0161ym\u0105, saugojim\u0105, redagavim\u0105, keitim\u0105, prieigos suteikim\u0105, u\u017eklaus\u0173 pateikim\u0105, perdavim\u0105, archyvavim\u0105 ir kt.).<br \/>\n1.4. Sutikimas &#8211; bet koks laisva valia ir s\u0105moningai duotas patvirtinimas, kuriuo duomen\u0173 subjektas sutinka, kad jo asmens duomenys b\u016bt\u0173 tvarkomi konkre\u010diu tikslu.\n<p><b>2. PERSONAL DATA SOURCES<\/b><\/p>\n2.1. Asmens duomenis duomen\u0173 subjektas pateikia pats. Duomen\u0173 subjektas kreipiasi \u012f \u012emon\u0119, naudojasi \u012emon\u0117s teikiamomis paslaugomis, perka prekes ir (ar) paslaugas, palieka komentarus, u\u017eduoda klausimus, kreipiasi \u012f \u012emon\u0119 pra\u0161ant suteikti informacij\u0105 ir pan.<br \/>\n2.2. Asmens duomenys gaunami duomen\u0173 subjektui lankantis \u012emon\u0117s svetain\u0117je. Duomen\u0173 subjektas pildo joje esan\u010dias formas arba d\u0117l kokios nors prie\u017easties palieka savo kontaktinius duomenis ir pan. 2.3. Asmens duomenys gaunami i\u0161 kit\u0173 \u0161altini\u0173. Duomenys gaunami i\u0161 kit\u0173 \u012fstaig\u0173 ar \u012fmoni\u0173, vie\u0161ai prieinam\u0173 registr\u0173 ir pan.\n<p><b>3. PERSONAL DATA PROCESSING<\/b><\/p>\n3.1. Pateikdamas duomen\u0173 subjektas \u012emonei asmens duomenis sutinka, kad \u012emon\u0117 naudot\u0173 surinktus duomenis vykdydama savo \u012fsipareigojimus duomen\u0173 subjektui, teikdama paslaugas, kuri\u0173 duomen\u0173 subjektas tikisi.<br \/>\n3.2. Asmens duomenis \u012emon\u0117 tvarko \u0161iais tikslais:\n<p>3.2.1. Execution of business assurance and continuity. The following data shall be processed for this purpose:<\/p>\n<ul>\n<li>For the purpose of concluding and executing contracts, personal data of customers, suppliers (natural persons) may be processed: name (s), surname (s), personal identification code or date of birth, place of residence (address), telephone number, e-mail address, bank the current account and the bank where the account is located, the date, amount, currency and other data provided by the person himself, which the Company receives in accordance with legal acts in the course of the Company\u2019s activities and \/ or which the Company is obliged to manage by law and \/ or ) other legislation. E.g. data contained in the business certificate (type of activity, group, code, name, periods of activity, date of issue, amount), number of the individual activity certificate, data or the data subject is a VAT payer, etc. data necessary for the proper performance of the obligations established by the contract and \/ or legal acts. When the partner is a legal entity, the following may be processed by its employees or representatives: name, surname, telephone number, e-mail address, company name, address, position, power of attorney (number, date, date of birth of the representative) (write according to the questionnaire).<\/li>\n<\/ul>\n<p>3.2.2. Administration of the database of CVs of job candidates. The following data shall be processed for this purpose:<\/p>\n<ul>\n<li>Name (s), surname (s), date of birth (age), address of residence, contact details (telephone number, e-mail address), information on the candidate\u2019s education (educational institution, period of education, education obtained and \/ or) qualifications), information on in-service training (training received, certificates obtained), information on the candidate\u2019s work experience (workplace, period of work, duties, responsibilities and \/ or achievements), information on language skills, information technology, driving skills, other competencies, other information provided in the CV, cover letter or other application documents, recommendations of employers, feedback: persons recommending or providing feedback to the candidate, their contacts, recommendations or the content of the feedback.<\/li>\n<\/ul>\n<p>3.2.3. For the purpose of ensuring the security of the company\u2019s employees, other data subjects and assets (video surveillance). The following data shall be processed for this purpose:<\/p>\n<ul>\n<li>video image. Video surveillance systems do not use facial recognition and \/ or analysis technologies, and the video data captured by them is not grouped or profiled according to a specific data subject (person). The data subject shall be informed about the video surveillance by means of information signs with the video camera symbol and the Company\u2019s details, which shall be provided before entering the monitored area and \/ or premises. The field of surveillance of video cameras does not include premises where the data subject expects absolute protection of personal data.<\/li>\n<\/ul>\n<p>3.2.4. For other purposes for which the Company has the right to process the personal data of the data subject, when the data subject has given his consent, when the data is required to be processed in the legitimate interest of the Company or when the Company is obliged to process the data.<\/p>\n<p><b>4. PERSONAL DATA SUBMISSION<\/b><\/p>\n4.1. \u012emon\u0117 \u012fsipareigoja laikytis konfidencialumo pareigos duomen\u0173 subjekt\u0173 at\u017evilgiu. Asmens duomenys gali b\u016bti atskleisti tre\u010diosioms \u0161alims tik tada, jeigu to reikia sutar\u010diai duomen\u0173 subjekto naudai sudaryti ir vykdyti, arba d\u0117l kit\u0173 teis\u0117t\u0173 prie\u017eas\u010di\u0173.<br \/>\n4.2. \u012emon\u0117 gali pateikti asmens duomenis savo duomen\u0173 tvarkytojams, kurie teikia \u012emonei paslaugas ir tvarko asmens duomenis \u012emon\u0117s vardu. Duomen\u0173 tvarkytojai turi teis\u0119 tvarkyti asmens duomenis tik pagal \u012emon\u0117s nurodymus ir tik ta apimtimi, kiek tai yra b\u016btina siekiant tinkamai vykdyti sutartyje nustatytus \u012fsipareigojimus. \u012emon\u0117 pasitelkia tik tuos duomen\u0173 tvarkytojus, kurie pakankamai u\u017etikrina, kad tinkamos technin\u0117s ir organizacin\u0117s priemon\u0117s bus \u012fgyvendintos tokiu b\u016bdu, kad duomen\u0173 tvarkymas atitikt\u0173 Reglamento reikalavimus ir b\u016bt\u0173 u\u017etikrinta duomen\u0173 subjekto teisi\u0173 apsauga.<br \/>\n4.3. \u012emon\u0117 taip pat gali teikti asmens duomenis atsakydama \u012f teismo arba valstybini\u0173 institucij\u0173 pra\u0161ymus ta apimtimi, kiek tai b\u016btina siekiant tinkamai vykdyti galiojan\u010dius teis\u0117s aktus ir valstybini\u0173 institucij\u0173 nurodymus.<br \/>\n4.4. \u012emon\u0117 garantuoja, kad asmens duomenys nebus nei pardavin\u0117jami, nei nuomojami tretiesiems asmenims.\n<p><b>5. PERSONAL DATA OF MINORS<\/b><\/p>\n<p>5.1. Individuals under the age of 14 may not provide any personal information through the Company\u2019s website. If a person is younger than 14 years of age, in order to use the Company\u2019s services, it is mandatory to provide the written consent of one of the representatives (father, mother, guardian (s)) regarding the processing of personal data before providing personal information.<\/p>\n<p><b>6. PERSONAL DATA STORAGE LIMIT<\/b><\/p>\n6.1. \u012emon\u0117s surinkti asmens duomenys yra saugomi spausdintiniuose dokumentuose ir (arba) \u012emon\u0117s informacin\u0117se sistemose. Asmens duomenys tvarkomi ne ilgiau, negu reikia duomen\u0173 tvarkymo tikslams pasiekti arba ne ilgiau nei to reikalauja duomen\u0173 subjektai ir (ar) numato teis\u0117s aktai.<br \/>\n6.2. Nors duomen\u0173 subjektas gali nutraukti sutart\u012f ir atsisakyti \u012emon\u0117s paslaug\u0173, ta\u010diau \u012emon\u0117 ir toliau privalo saugoti duomen\u0173 subjekto duomenis d\u0117l galb\u016bt ateityje atsirasian\u010di\u0173 reikalavim\u0173 ar teisini\u0173 pretenzij\u0173 tol, kol pasibaigs duomen\u0173 saugojimo terminai.\n<p><b>7. RIGHTS OF THE DATA SUBJECT<\/b><\/p>\n7.1. Teis\u0117 gauti informacij\u0105 apie duomen\u0173 tvarkym\u0105.<br \/>\n7.2. Teis\u0117 susipa\u017einti su tvarkomais duomenimis.<br \/>\n7.3. Teis\u0117 reikalauti i\u0161taisyti duomenis.<br \/>\n7.4. Teis\u0117 reikalauti i\u0161trinti duomenis (\u201eTeis\u0117 b\u016bti pamir\u0161tam&#8221;). \u0160i teis\u0117 netaikoma, jei asmens duomenys, kuriuos pra\u0161oma i\u0161trinti, yra tvarkomi ir kitu teisiniu pagrindu, tokiu kaip tvarkymas b\u016btinas sutarties vykdymui arba yra pareigos pagal taikomus teis\u0117s aktus vykdymas.<br \/>\n7.5. Teis\u0117 apriboti duomen\u0173 tvarkym\u0105.<br \/>\n7.6. Teis\u0117 nesutikti su duomen\u0173 tvarkymu.<br \/>\n7.7. Teis\u0117 \u012f duomen\u0173 perkeliamum\u0105. Teis\u0117 \u012f duomen\u0173 perkeliamum\u0105 negali daryti neigiamo poveikio kit\u0173 teis\u0117ms ir laisv\u0117ms. Duomen\u0173 subjektas teis\u0117s \u012f duomen\u0173 perkeliamum\u0105 neturi t\u0173 asmens duomen\u0173 at\u017evilgiu, kurie tvarkomi neautomatiniu b\u016bdu susistemintose rinkmenose, pavyzd\u017eiui, popierin\u0117se bylose.<br \/>\n7.8. Teis\u0117 reikalauti, kad neb\u016bt\u0173 taikomas tik automatizuotu duomen\u0173 tvarkymu, \u012fskaitant profiliavim\u0105, grind\u017eiamas sprendimas.<br \/>\n7.9. Teis\u0117 pateikti skund\u0105 d\u0117l asmens duomen\u0173 tvarkymo Valstybinei duomen\u0173 apsaugos inspekcijai.\n<p>8. The enterprise must enable the data subject to exercise the above rights of the data subject, except in cases established by law, when it is necessary to ensure state security or defense, public order, prevention, investigation, detection or prosecution of criminal activities, important economic or financial interests of the state, official or the prevention, investigation and detection of breaches of professional ethics, the protection of the rights and freedoms of the data subject or of others.<\/p>\n<p><b>9. DATA SUBJECT RIGHTS FOR IMPLEMENTING<\/b><\/p>\n9.1. Duomen\u0173 subjektas, d\u0117l savo teisi\u0173 \u012fgyvendinimo, gali kreiptis \u012f \u012emon\u0119:<br \/>\n9.1.1. teikiant ra\u0161ytin\u012f pra\u0161ym\u0105 asmeni\u0161kai, pa\u0161tu, per atstov\u0105 ar elektronini\u0173 ry\u0161i\u0173 priemon\u0117mis &#8211; el. pa\u0161tu: info@lzt.lt;<br \/>\n9.1.2. \u017eod\u017eiu &#8211; telefonu +370 614 46111;<br \/>\n9.1.3. ra\u0161tu &#8211; adresu Ba\u010di\u016bn\u0173 g. 55, \u0160iauliai.<br \/>\n9.2. Siekdami apsaugoti duomenis nuo neteis\u0117to atskleidimo, \u012emon\u0117 gavusi duomen\u0173 subjekto pra\u0161ym\u0105 pateikti duomenis ar \u012fgyvendinti kitas teises, privalo patikrinti duomen\u0173 subjekto tapatyb\u0119.<br \/>\n9.3. \u012emon\u0117s atsakymas duomen\u0173 subjektui suteikiamas ne v\u0117liau kaip per vien\u0105 m\u0117nes\u012f nuo duomen\u0173 subjekto pra\u0161ymo gavimo dienos, atsi\u017evelgiant \u012f konkre\u010dias asmens duomen\u0173 tvarkymo aplinkybes. \u0160is laikotarpis prireikus gali b\u016bti prat\u0119stas dar dviem m\u0117nesiams, atsi\u017evelgiant \u012f pra\u0161ym\u0173 sud\u0117tingum\u0105 ir skai\u010di\u0173.\n<p><b>10. DATA SUBJECT\u2019S RESPONSIBILITIES<\/b><\/p>\n10.1. Duomen\u0173 subjektas turi:<br \/>\n10.1.1. informuoti \u012emon\u0119 apie pateiktos informacijos ir duomen\u0173 pasikeitimus. \u012emonei svarbu tur\u0117ti teising\u0105 ir galiojan\u010di\u0105 duomen\u0173 subjekto informacij\u0105;<br \/>\n10.1.2. pateikti reikaling\u0105 informacij\u0105, kad esant duomen\u0173 subjekto pra\u0161ymui \u012emon\u0117 gal\u0117t\u0173 identifikuoti duomen\u0173 subjekt\u0105 ir \u012fsitikinti, kad bendrauja arba bendradarbiauja tikrai su konkre\u010diu duomen\u0173 subjektu (pateikti asmens tapatyb\u0119 patvirtinant\u012f dokument\u0105 arba teis\u0117s akt\u0173 nustatyta tvarka ar elektronini\u0173 ry\u0161i\u0173 priemon\u0117mis, kurios leist\u0173 tinkamai identifikuoti duomen\u0173 subjekt\u0105). Tai reikalinga duomen\u0173 subjekto ir kit\u0173 asmen\u0173 duomen\u0173 apsaugai, kad atskleista informacija apie duomen\u0173 subjekt\u0105 b\u016bt\u0173 pateikta tik duomen\u0173 subjektui, nepa\u017eeid\u017eiant kit\u0173 asmen\u0173 teisi\u0173.\n<p><b>11. FINAL PROVISIONS<\/b><\/p>\n11.1. Perduodamas \u012emonei asmens duomenis, duomen\u0173 subjektas sutinka su \u0161ia Privatumo politika, supranta jos nuostatas ir sutinka jos laikytis.<br \/>\n11.2. Pl\u0117tojant ir tobulinant \u012emon\u0117s veikl\u0105, \u012emon\u0117 turi teis\u0119 bet kuriuo metu viena\u0161ali\u0161kai pakeisti \u0161i\u0105 Privatumo politik\u0105. \u012emon\u0117 turi teis\u0119 viena\u0161ali\u0161kai, i\u0161 dalies ar visi\u0161kai pakeisti Privatumo politik\u0105 apie tai prane\u0161dama internetin\u0117je svetain\u0117je www.lzt.lt.<br \/>\n11.3. Privatumo politikos papildymai ar pakeitimai \u012fsigalioja nuo j\u0173 paskelbimo dienos, t. y., nuo tos dienos, kai jie yra patalpinami internetin\u0117je svetain\u0117je www.lzt.lt.\n<h2>\n\t\tCookie Policy\n\t<\/h2>\n\t<p>This site uses cookies &#8211; small text files that are placed on your machine to help the site provide a better user experience. In general, cookies are used to retain user preferences, store information for things like shopping carts, and provide anonymised tracking data to third party applications like Google Analytics. As a rule, cookies will make your browsing experience better. However, you may prefer to disable cookies on this site and on others. The most effective way to do this is to disable cookies in your browser. We suggest consulting the Help section of your browser or taking a look at the About Cookies website which offers guidance for all modern browsers<\/p>","protected":false},"excerpt":{"rendered":"<p>Privatumo politika Privatumo politikos tikslas &#8211; informuoti kaip yra renkami ir tvarkomi duomen\u0173 subjekt\u0173 asmens duomenys, paai\u0161kinti, kiek laiko saugomi, kam teikiami, kokias teises turi duomen\u0173 subjektai bei kur kreiptis d\u0117l j\u0173 \u012fgyvendinimo ar kitais su asmens duomen\u0173 tvarkymu susijusiais klausimais. Asmens duomenys tvarkomi vadovaujantis Europos S\u0105jungos Bendruoju duomen\u0173 apsaugos reglamentu (ES) 2016\/679 (toliau &#8211; [&hellip;]<\/p>","protected":false},"author":1,"featured_media":0,"parent":0,"menu_order":0,"comment_status":"closed","ping_status":"closed","template":"","meta":{"site-sidebar-layout":"no-sidebar","site-content-layout":"page-builder","ast-site-content-layout":"default","site-content-style":"default","site-sidebar-style":"default","ast-global-header-display":"","ast-banner-title-visibility":"","ast-main-header-display":"","ast-hfb-above-header-display":"","ast-hfb-below-header-display":"","ast-hfb-mobile-header-display":"","site-post-title":"disabled","ast-breadcrumbs-content":"","ast-featured-img":"disabled","footer-sml-layout":"","theme-transparent-header-meta":"","adv-header-id-meta":"","stick-header-meta":"","header-above-stick-meta":"","header-main-stick-meta":"","header-below-stick-meta":"","astra-migrate-meta-layouts":"default","ast-page-background-enabled":"default","ast-page-background-meta":{"desktop":{"background-color":"","background-image":"","background-repeat":"repeat","background-position":"center center","background-size":"auto","background-attachment":"scroll","background-type":"","background-media":"","overlay-type":"","overlay-color":"","overlay-opacity":"","overlay-gradient":""},"tablet":{"background-color":"","background-image":"","background-repeat":"repeat","background-position":"center center","background-size":"auto","background-attachment":"scroll","background-type":"","background-media":"","overlay-type":"","overlay-color":"","overlay-opacity":"","overlay-gradient":""},"mobile":{"background-color":"","background-image":"","background-repeat":"repeat","background-position":"center center","background-size":"auto","background-attachment":"scroll","background-type":"","background-media":"","overlay-type":"","overlay-color":"","overlay-opacity":"","overlay-gradient":""}},"ast-content-background-meta":{"desktop":{"background-color":"var(--ast-global-color-5)","background-image":"","background-repeat":"repeat","background-position":"center center","background-size":"auto","background-attachment":"scroll","background-type":"","background-media":"","overlay-type":"","overlay-color":"","overlay-opacity":"","overlay-gradient":""},"tablet":{"background-color":"var(--ast-global-color-5)","background-image":"","background-repeat":"repeat","background-position":"center center","background-size":"auto","background-attachment":"scroll","background-type":"","background-media":"","overlay-type":"","overlay-color":"","overlay-opacity":"","overlay-gradient":""},"mobile":{"background-color":"var(--ast-global-color-5)","background-image":"","background-repeat":"repeat","background-position":"center center","background-size":"auto","background-attachment":"scroll","background-type":"","background-media":"","overlay-type":"","overlay-color":"","overlay-opacity":"","overlay-gradient":""}},"ngg_post_thumbnail":0,"footnotes":""},"class_list":["post-856","page","type-page","status-publish","hentry"],"yoast_head":"<!-- This site is optimized with the Yoast SEO plugin v25.6 - https:\/\/yoast.com\/wordpress\/plugins\/seo\/ -->\n<title>Privatumo politika - LZT Group<\/title>\n<meta name=\"robots\" content=\"index, follow, max-snippet:-1, max-image-preview:large, max-video-preview:-1\" \/>\n<link rel=\"canonical\" href=\"https:\/\/lzt.lt\/en\/privatumo-politika\/\" \/>\n<meta property=\"og:locale\" content=\"en_US\" \/>\n<meta property=\"og:type\" content=\"article\" \/>\n<meta property=\"og:title\" content=\"Privatumo politika - LZT Group\" \/>\n<meta property=\"og:description\" content=\"Privatumo politika Privatumo politikos tikslas &#8211; informuoti kaip yra renkami ir tvarkomi duomen\u0173 subjekt\u0173 asmens duomenys, paai\u0161kinti, kiek laiko saugomi, kam teikiami, kokias teises turi duomen\u0173 subjektai bei kur kreiptis d\u0117l j\u0173 \u012fgyvendinimo ar kitais su asmens duomen\u0173 tvarkymu susijusiais klausimais. Asmens duomenys tvarkomi vadovaujantis Europos S\u0105jungos Bendruoju duomen\u0173 apsaugos reglamentu (ES) 2016\/679 (toliau &#8211; [&hellip;]\" \/>\n<meta property=\"og:url\" content=\"https:\/\/lzt.lt\/en\/privatumo-politika\/\" \/>\n<meta property=\"og:site_name\" content=\"LZT Group\" \/>\n<meta property=\"article:publisher\" content=\"https:\/\/www.facebook.com\/lztgroup\" \/>\n<meta property=\"article:modified_time\" content=\"2022-05-25T09:01:30+00:00\" \/>\n<meta name=\"twitter:card\" content=\"summary_large_image\" \/>\n<meta name=\"twitter:label1\" content=\"Est. reading time\" \/>\n\t<meta name=\"twitter:data1\" content=\"9 minutes\" \/>\n<script type=\"application\/ld+json\" class=\"yoast-schema-graph\">{\"@context\":\"https:\/\/schema.org\",\"@graph\":[{\"@type\":\"WebPage\",\"@id\":\"https:\/\/lzt.lt\/privatumo-politika\/\",\"url\":\"https:\/\/lzt.lt\/privatumo-politika\/\",\"name\":\"Privatumo politika - LZT Group\",\"isPartOf\":{\"@id\":\"https:\/\/lzt.lt\/#website\"},\"datePublished\":\"2022-05-23T09:55:54+00:00\",\"dateModified\":\"2022-05-25T09:01:30+00:00\",\"breadcrumb\":{\"@id\":\"https:\/\/lzt.lt\/privatumo-politika\/#breadcrumb\"},\"inLanguage\":\"en-US\",\"potentialAction\":[{\"@type\":\"ReadAction\",\"target\":[\"https:\/\/lzt.lt\/privatumo-politika\/\"]}]},{\"@type\":\"BreadcrumbList\",\"@id\":\"https:\/\/lzt.lt\/privatumo-politika\/#breadcrumb\",\"itemListElement\":[{\"@type\":\"ListItem\",\"position\":1,\"name\":\"Home\",\"item\":\"https:\/\/lzt.lt\/\"},{\"@type\":\"ListItem\",\"position\":2,\"name\":\"Privatumo politika\"}]},{\"@type\":\"WebSite\",\"@id\":\"https:\/\/lzt.lt\/#website\",\"url\":\"https:\/\/lzt.lt\/\",\"name\":\"LZT Group\",\"description\":\"\",\"publisher\":{\"@id\":\"https:\/\/lzt.lt\/#organization\"},\"potentialAction\":[{\"@type\":\"SearchAction\",\"target\":{\"@type\":\"EntryPoint\",\"urlTemplate\":\"https:\/\/lzt.lt\/?s={search_term_string}\"},\"query-input\":{\"@type\":\"PropertyValueSpecification\",\"valueRequired\":true,\"valueName\":\"search_term_string\"}}],\"inLanguage\":\"en-US\"},{\"@type\":\"Organization\",\"@id\":\"https:\/\/lzt.lt\/#organization\",\"name\":\"LZT Group\",\"url\":\"https:\/\/lzt.lt\/\",\"logo\":{\"@type\":\"ImageObject\",\"inLanguage\":\"en-US\",\"@id\":\"https:\/\/lzt.lt\/#\/schema\/logo\/image\/\",\"url\":\"http:\/\/lzt.lt\/wp-content\/uploads\/2022\/05\/cropped-LZT-PNG.png\",\"contentUrl\":\"http:\/\/lzt.lt\/wp-content\/uploads\/2022\/05\/cropped-LZT-PNG.png\",\"width\":512,\"height\":512,\"caption\":\"LZT Group\"},\"image\":{\"@id\":\"https:\/\/lzt.lt\/#\/schema\/logo\/image\/\"},\"sameAs\":[\"https:\/\/www.facebook.com\/lztgroup\",\"https:\/\/www.youtube.com\/channel\/UCjxtACOf0jwrUdHG2NXsfoA\",\"https:\/\/www.linkedin.com\/company\/lzt\",\"https:\/\/www.instagram.com\/LZTGroup\/\"]}]}<\/script>\n<!-- \/ Yoast SEO plugin. -->","yoast_head_json":{"title":"Privatumo politika - LZT Group","robots":{"index":"index","follow":"follow","max-snippet":"max-snippet:-1","max-image-preview":"max-image-preview:large","max-video-preview":"max-video-preview:-1"},"canonical":"https:\/\/lzt.lt\/en\/privatumo-politika\/","og_locale":"en_US","og_type":"article","og_title":"Privatumo politika - LZT Group","og_description":"Privatumo politika Privatumo politikos tikslas &#8211; informuoti kaip yra renkami ir tvarkomi duomen\u0173 subjekt\u0173 asmens duomenys, paai\u0161kinti, kiek laiko saugomi, kam teikiami, kokias teises turi duomen\u0173 subjektai bei kur kreiptis d\u0117l j\u0173 \u012fgyvendinimo ar kitais su asmens duomen\u0173 tvarkymu susijusiais klausimais. Asmens duomenys tvarkomi vadovaujantis Europos S\u0105jungos Bendruoju duomen\u0173 apsaugos reglamentu (ES) 2016\/679 (toliau &#8211; [&hellip;]","og_url":"https:\/\/lzt.lt\/en\/privatumo-politika\/","og_site_name":"LZT Group","article_publisher":"https:\/\/www.facebook.com\/lztgroup","article_modified_time":"2022-05-25T09:01:30+00:00","twitter_card":"summary_large_image","twitter_misc":{"Est. reading time":"9 minutes"},"schema":{"@context":"https:\/\/schema.org","@graph":[{"@type":"WebPage","@id":"https:\/\/lzt.lt\/privatumo-politika\/","url":"https:\/\/lzt.lt\/privatumo-politika\/","name":"Privatumo politika - LZT Group","isPartOf":{"@id":"https:\/\/lzt.lt\/#website"},"datePublished":"2022-05-23T09:55:54+00:00","dateModified":"2022-05-25T09:01:30+00:00","breadcrumb":{"@id":"https:\/\/lzt.lt\/privatumo-politika\/#breadcrumb"},"inLanguage":"en-US","potentialAction":[{"@type":"ReadAction","target":["https:\/\/lzt.lt\/privatumo-politika\/"]}]},{"@type":"BreadcrumbList","@id":"https:\/\/lzt.lt\/privatumo-politika\/#breadcrumb","itemListElement":[{"@type":"ListItem","position":1,"name":"Home","item":"https:\/\/lzt.lt\/"},{"@type":"ListItem","position":2,"name":"Privatumo politika"}]},{"@type":"WebSite","@id":"https:\/\/lzt.lt\/#website","url":"https:\/\/lzt.lt\/","name":"LZT Group","description":"","publisher":{"@id":"https:\/\/lzt.lt\/#organization"},"potentialAction":[{"@type":"SearchAction","target":{"@type":"EntryPoint","urlTemplate":"https:\/\/lzt.lt\/?s={search_term_string}"},"query-input":{"@type":"PropertyValueSpecification","valueRequired":true,"valueName":"search_term_string"}}],"inLanguage":"en-US"},{"@type":"Organization","@id":"https:\/\/lzt.lt\/#organization","name":"LZT Group","url":"https:\/\/lzt.lt\/","logo":{"@type":"ImageObject","inLanguage":"en-US","@id":"https:\/\/lzt.lt\/#\/schema\/logo\/image\/","url":"http:\/\/lzt.lt\/wp-content\/uploads\/2022\/05\/cropped-LZT-PNG.png","contentUrl":"http:\/\/lzt.lt\/wp-content\/uploads\/2022\/05\/cropped-LZT-PNG.png","width":512,"height":512,"caption":"LZT Group"},"image":{"@id":"https:\/\/lzt.lt\/#\/schema\/logo\/image\/"},"sameAs":["https:\/\/www.facebook.com\/lztgroup","https:\/\/www.youtube.com\/channel\/UCjxtACOf0jwrUdHG2NXsfoA","https:\/\/www.linkedin.com\/company\/lzt","https:\/\/www.instagram.com\/LZTGroup\/"]}]}},"_links":{"self":[{"href":"https:\/\/lzt.lt\/en\/wp-json\/wp\/v2\/pages\/856","targetHints":{"allow":["GET"]}}],"collection":[{"href":"https:\/\/lzt.lt\/en\/wp-json\/wp\/v2\/pages"}],"about":[{"href":"https:\/\/lzt.lt\/en\/wp-json\/wp\/v2\/types\/page"}],"author":[{"embeddable":true,"href":"https:\/\/lzt.lt\/en\/wp-json\/wp\/v2\/users\/1"}],"replies":[{"embeddable":true,"href":"https:\/\/lzt.lt\/en\/wp-json\/wp\/v2\/comments?post=856"}],"version-history":[{"count":0,"href":"https:\/\/lzt.lt\/en\/wp-json\/wp\/v2\/pages\/856\/revisions"}],"wp:attachment":[{"href":"https:\/\/lzt.lt\/en\/wp-json\/wp\/v2\/media?parent=856"}],"curies":[{"name":"wp","href":"https:\/\/api.w.org\/{rel}","templated":true}]}}